{"id":39,"date":"2026-01-28T09:21:15","date_gmt":"2026-01-28T09:21:15","guid":{"rendered":"https:\/\/muzejbp.me\/?page_id=39"},"modified":"2026-03-12T11:27:46","modified_gmt":"2026-03-12T11:27:46","slug":"kulturna-bastina","status":"publish","type":"page","link":"https:\/\/muzejbp.me\/en\/o-muzeju\/kulturna-bastina\/","title":{"rendered":"Cultural heritage"},"content":{"rendered":"<p class=\"has-text-align-left\"><em><strong>Status of cultural heritage sites in Montenegro and the Municipality of Bijelo Polje<\/strong><\/em><\/p>\n\n\n\n<p><em>The status of cultural property in Montenegro is granted to any immovable, movable, and intangible asset for which it has been determined, in accordance with the Law on the Protection of Cultural Property, that it has permanent historical, artistic, scientific, archaeological, architectural, anthropological, technical, or other social significance.<br>A cultural property may be in state or private ownership.<br>Cultural properties, as a valued part of cultural heritage of general interest, are protected in accordance with the Law on the Protection of Cultural Property and international regulations, regardless of time, place, and manner of origin, provenance, ownership, as well as their secular or religious character. The protection of cultural property is in the public interest.<br>Protection, as well as the status of cultural property, also applies to: protected surroundings of immovable cultural properties, objects that form a historical, artistic, visual, or functional whole with them, buildings in which movable cultural properties are permanently stored or exhibited, documentation on cultural property, properties under preliminary protection, mandatory copies of publications, and public archival material.<\/em><\/p>\n\n\n\n<ul class=\"wp-block-list\">\n<li><em><a href=\"https:\/\/muzejbp.me\/en\/o-muzeju\/kulturna-bastina\/nepokretna-kulturna-dobra\/\" data-type=\"page\" data-id=\"41\"><strong>Immovable cultural heritage on the territory of the Municipality of Bijelo Polje<\/strong><\/a><\/em><\/li>\n<\/ul>\n\n\n\n<ul class=\"wp-block-list\">\n<li><em><a href=\"https:\/\/muzejbp.me\/en\/o-muzeju\/kulturna-bastina\/pokretna-kulturna-dobra\/\" data-type=\"page\" data-id=\"43\"><strong>Movable cultural heritage on the territory of the Municipality of Bijelo Polje<\/strong><\/a><\/em><\/li>\n<\/ul>\n\n\n\n<ul class=\"wp-block-list\">\n<li><a href=\"https:\/\/muzejbp.me\/en\/o-muzeju\/kulturna-bastina\/nematerijalna-kulturna-bastina\/\" data-type=\"page\" data-id=\"45\"><em><strong>Intangible cultural heritage on the territory of the Municipality of Bijelo Polje<\/strong><\/em><\/a><\/li>\n<\/ul>\n\n\n\n<ul class=\"wp-block-list\">\n<li><a href=\"https:\/\/muzejbp.me\/en\/spomenici-narodnooslobodilacke-borbe-nor\/\" data-type=\"page\" data-id=\"138\"><em><strong>Monuments of the National Liberation Struggle (NOB)<\/strong><\/em><\/a><\/li>\n<\/ul>\n\n\n\n<p><\/p>","protected":false},"excerpt":{"rendered":"<p>Status kulturnih dobara na teritoriji Crne Gore i op\u0161tine Bijelo Polje Status kulturnog dobra u Crnoj Gori sti\u010de se za svako nepokretno, pokretno i nematerijalno dobro za koje je, u skladu sa Zakonom o za\u0161titi kulturnih dobara, utvr\u0111eno da ima trajni istorijski, umjetni\u010dki, nau\u010dni, arheolo\u0161ki, arhitektonski, antropolo\u0161ki, tehni\u010dki ili drugi dru\u0161tveni zna\u010daj.Kulturno dobro mo\u017ee biti [&hellip;]<\/p>\n","protected":false},"author":1,"featured_media":0,"parent":25,"menu_order":0,"comment_status":"closed","ping_status":"closed","template":"","meta":{"_monsterinsights_skip_tracking":false,"_monsterinsights_sitenote_active":false,"_monsterinsights_sitenote_note":"","_monsterinsights_sitenote_category":0,"footnotes":""},"class_list":["post-39","page","type-page","status-publish","hentry"],"yoast_head":"<!-- This site is optimized with the Yoast SEO plugin v27.6 - https:\/\/yoast.com\/product\/yoast-seo-wordpress\/ -->\n<title>Kulturna ba\u0161tina - Muzej Bijelo Polje<\/title>\n<meta name=\"robots\" content=\"index, follow, max-snippet:-1, max-image-preview:large, max-video-preview:-1\" \/>\n<link rel=\"canonical\" href=\"https:\/\/muzejbp.me\/en\/o-muzeju\/kulturna-bastina\/\" \/>\n<meta property=\"og:locale\" content=\"en_US\" \/>\n<meta property=\"og:type\" content=\"article\" \/>\n<meta property=\"og:title\" content=\"Kulturna ba\u0161tina - Muzej Bijelo Polje\" \/>\n<meta property=\"og:description\" content=\"Status kulturnih dobara na teritoriji Crne Gore i op\u0161tine Bijelo Polje Status kulturnog dobra u Crnoj Gori sti\u010de se za svako nepokretno, pokretno i nematerijalno dobro za koje je, u skladu sa Zakonom o za\u0161titi kulturnih dobara, utvr\u0111eno da ima trajni istorijski, umjetni\u010dki, nau\u010dni, arheolo\u0161ki, arhitektonski, antropolo\u0161ki, tehni\u010dki ili drugi dru\u0161tveni zna\u010daj.Kulturno dobro mo\u017ee biti [&hellip;]\" \/>\n<meta property=\"og:url\" content=\"https:\/\/muzejbp.me\/en\/o-muzeju\/kulturna-bastina\/\" \/>\n<meta property=\"og:site_name\" content=\"Muzej Bijelo Polje\" \/>\n<meta property=\"article:modified_time\" content=\"2026-03-12T11:27:46+00:00\" \/>\n<meta name=\"twitter:card\" content=\"summary_large_image\" \/>\n<meta name=\"twitter:label1\" content=\"Est. reading time\" \/>\n\t<meta name=\"twitter:data1\" content=\"1 minute\" \/>\n<script type=\"application\/ld+json\" class=\"yoast-schema-graph\">{\"@context\":\"https:\\\/\\\/schema.org\",\"@graph\":[{\"@type\":\"WebPage\",\"@id\":\"https:\\\/\\\/muzejbp.me\\\/o-muzeju\\\/kulturna-bastina\\\/\",\"url\":\"https:\\\/\\\/muzejbp.me\\\/o-muzeju\\\/kulturna-bastina\\\/\",\"name\":\"Kulturna ba\u0161tina - Muzej Bijelo Polje\",\"isPartOf\":{\"@id\":\"https:\\\/\\\/muzejbp.me\\\/#website\"},\"datePublished\":\"2026-01-28T09:21:15+00:00\",\"dateModified\":\"2026-03-12T11:27:46+00:00\",\"breadcrumb\":{\"@id\":\"https:\\\/\\\/muzejbp.me\\\/o-muzeju\\\/kulturna-bastina\\\/#breadcrumb\"},\"inLanguage\":\"en-US\",\"potentialAction\":[{\"@type\":\"ReadAction\",\"target\":[\"https:\\\/\\\/muzejbp.me\\\/o-muzeju\\\/kulturna-bastina\\\/\"]}]},{\"@type\":\"BreadcrumbList\",\"@id\":\"https:\\\/\\\/muzejbp.me\\\/o-muzeju\\\/kulturna-bastina\\\/#breadcrumb\",\"itemListElement\":[{\"@type\":\"ListItem\",\"position\":1,\"name\":\"Home\",\"item\":\"https:\\\/\\\/muzejbp.me\\\/\"},{\"@type\":\"ListItem\",\"position\":2,\"name\":\"O muzeju\",\"item\":\"https:\\\/\\\/muzejbp.me\\\/o-muzeju\\\/\"},{\"@type\":\"ListItem\",\"position\":3,\"name\":\"Kulturna ba\u0161tina\"}]},{\"@type\":\"WebSite\",\"@id\":\"https:\\\/\\\/muzejbp.me\\\/#website\",\"url\":\"https:\\\/\\\/muzejbp.me\\\/\",\"name\":\"Muzej Bijelo Polje\",\"description\":\"\",\"publisher\":{\"@id\":\"https:\\\/\\\/muzejbp.me\\\/#organization\"},\"potentialAction\":[{\"@type\":\"SearchAction\",\"target\":{\"@type\":\"EntryPoint\",\"urlTemplate\":\"https:\\\/\\\/muzejbp.me\\\/?s={search_term_string}\"},\"query-input\":{\"@type\":\"PropertyValueSpecification\",\"valueRequired\":true,\"valueName\":\"search_term_string\"}}],\"inLanguage\":\"en-US\"},{\"@type\":\"Organization\",\"@id\":\"https:\\\/\\\/muzejbp.me\\\/#organization\",\"name\":\"Muzej Bijelo Polje\",\"url\":\"https:\\\/\\\/muzejbp.me\\\/\",\"logo\":{\"@type\":\"ImageObject\",\"inLanguage\":\"en-US\",\"@id\":\"https:\\\/\\\/muzejbp.me\\\/#\\\/schema\\\/logo\\\/image\\\/\",\"url\":\"https:\\\/\\\/muzejbp.me\\\/wp-content\\\/uploads\\\/2026\\\/01\\\/Muzej-bijelo-polje-logo-mali.png\",\"contentUrl\":\"https:\\\/\\\/muzejbp.me\\\/wp-content\\\/uploads\\\/2026\\\/01\\\/Muzej-bijelo-polje-logo-mali.png\",\"width\":1024,\"height\":1024,\"caption\":\"Muzej Bijelo Polje\"},\"image\":{\"@id\":\"https:\\\/\\\/muzejbp.me\\\/#\\\/schema\\\/logo\\\/image\\\/\"}}]}<\/script>\n<!-- \/ Yoast SEO plugin. -->","yoast_head_json":{"title":"Kulturna ba\u0161tina - Muzej Bijelo Polje","robots":{"index":"index","follow":"follow","max-snippet":"max-snippet:-1","max-image-preview":"max-image-preview:large","max-video-preview":"max-video-preview:-1"},"canonical":"https:\/\/muzejbp.me\/en\/o-muzeju\/kulturna-bastina\/","og_locale":"en_US","og_type":"article","og_title":"Kulturna ba\u0161tina - Muzej Bijelo Polje","og_description":"Status kulturnih dobara na teritoriji Crne Gore i op\u0161tine Bijelo Polje Status kulturnog dobra u Crnoj Gori sti\u010de se za svako nepokretno, pokretno i nematerijalno dobro za koje je, u skladu sa Zakonom o za\u0161titi kulturnih dobara, utvr\u0111eno da ima trajni istorijski, umjetni\u010dki, nau\u010dni, arheolo\u0161ki, arhitektonski, antropolo\u0161ki, tehni\u010dki ili drugi dru\u0161tveni zna\u010daj.Kulturno dobro mo\u017ee biti [&hellip;]","og_url":"https:\/\/muzejbp.me\/en\/o-muzeju\/kulturna-bastina\/","og_site_name":"Muzej Bijelo Polje","article_modified_time":"2026-03-12T11:27:46+00:00","twitter_card":"summary_large_image","twitter_misc":{"Est. reading time":"1 minute"},"schema":{"@context":"https:\/\/schema.org","@graph":[{"@type":"WebPage","@id":"https:\/\/muzejbp.me\/o-muzeju\/kulturna-bastina\/","url":"https:\/\/muzejbp.me\/o-muzeju\/kulturna-bastina\/","name":"Kulturna ba\u0161tina - Muzej Bijelo Polje","isPartOf":{"@id":"https:\/\/muzejbp.me\/#website"},"datePublished":"2026-01-28T09:21:15+00:00","dateModified":"2026-03-12T11:27:46+00:00","breadcrumb":{"@id":"https:\/\/muzejbp.me\/o-muzeju\/kulturna-bastina\/#breadcrumb"},"inLanguage":"en-US","potentialAction":[{"@type":"ReadAction","target":["https:\/\/muzejbp.me\/o-muzeju\/kulturna-bastina\/"]}]},{"@type":"BreadcrumbList","@id":"https:\/\/muzejbp.me\/o-muzeju\/kulturna-bastina\/#breadcrumb","itemListElement":[{"@type":"ListItem","position":1,"name":"Home","item":"https:\/\/muzejbp.me\/"},{"@type":"ListItem","position":2,"name":"O muzeju","item":"https:\/\/muzejbp.me\/o-muzeju\/"},{"@type":"ListItem","position":3,"name":"Kulturna ba\u0161tina"}]},{"@type":"WebSite","@id":"https:\/\/muzejbp.me\/#website","url":"https:\/\/muzejbp.me\/","name":"Museum of Bijelo Polje","description":"","publisher":{"@id":"https:\/\/muzejbp.me\/#organization"},"potentialAction":[{"@type":"SearchAction","target":{"@type":"EntryPoint","urlTemplate":"https:\/\/muzejbp.me\/?s={search_term_string}"},"query-input":{"@type":"PropertyValueSpecification","valueRequired":true,"valueName":"search_term_string"}}],"inLanguage":"en-US"},{"@type":"Organization","@id":"https:\/\/muzejbp.me\/#organization","name":"Museum of Bijelo Polje","url":"https:\/\/muzejbp.me\/","logo":{"@type":"ImageObject","inLanguage":"en-US","@id":"https:\/\/muzejbp.me\/#\/schema\/logo\/image\/","url":"https:\/\/muzejbp.me\/wp-content\/uploads\/2026\/01\/Muzej-bijelo-polje-logo-mali.png","contentUrl":"https:\/\/muzejbp.me\/wp-content\/uploads\/2026\/01\/Muzej-bijelo-polje-logo-mali.png","width":1024,"height":1024,"caption":"Muzej Bijelo Polje"},"image":{"@id":"https:\/\/muzejbp.me\/#\/schema\/logo\/image\/"}}]}},"_links":{"self":[{"href":"https:\/\/muzejbp.me\/en\/wp-json\/wp\/v2\/pages\/39","targetHints":{"allow":["GET"]}}],"collection":[{"href":"https:\/\/muzejbp.me\/en\/wp-json\/wp\/v2\/pages"}],"about":[{"href":"https:\/\/muzejbp.me\/en\/wp-json\/wp\/v2\/types\/page"}],"author":[{"embeddable":true,"href":"https:\/\/muzejbp.me\/en\/wp-json\/wp\/v2\/users\/1"}],"replies":[{"embeddable":true,"href":"https:\/\/muzejbp.me\/en\/wp-json\/wp\/v2\/comments?post=39"}],"version-history":[{"count":7,"href":"https:\/\/muzejbp.me\/en\/wp-json\/wp\/v2\/pages\/39\/revisions"}],"predecessor-version":[{"id":140,"href":"https:\/\/muzejbp.me\/en\/wp-json\/wp\/v2\/pages\/39\/revisions\/140"}],"up":[{"embeddable":true,"href":"https:\/\/muzejbp.me\/en\/wp-json\/wp\/v2\/pages\/25"}],"wp:attachment":[{"href":"https:\/\/muzejbp.me\/en\/wp-json\/wp\/v2\/media?parent=39"}],"curies":[{"name":"wp","href":"https:\/\/api.w.org\/{rel}","templated":true}]}}