{"id":227,"date":"2026-03-13T07:47:56","date_gmt":"2026-03-13T07:47:56","guid":{"rendered":"https:\/\/muzejbp.me\/?page_id=227"},"modified":"2026-04-30T11:45:21","modified_gmt":"2026-04-30T11:45:21","slug":"vodic-kroz-zavicajni-muzej-bijelo-polje","status":"publish","type":"page","link":"https:\/\/muzejbp.me\/en\/vodic-kroz-zavicajni-muzej-bijelo-polje\/","title":{"rendered":"GUIDE TO THE REGIONAL MUSEUM OF BIJELO POLJE"},"content":{"rendered":"<p class=\"has-text-align-center translation-block\">Since museums are, in accordance with the Law, required to publish a catalogue within two years after the opening of a permanent exhibition, the mentioned publication is a professional work on the exhibited museum objects. It ensures compliance with the Law, advances museum activity to a higher level, and significantly improves access to information, ultimately leading to the main goal \u2013 a higher number of museum visitors.\n\nFor better understanding and presentation of each collection individually, the guide will enable visitors easier and better communication with the large number of museum objects displayed in the permanent exhibition of the Regional Museum, as well as adequate familiarization with the rich cultural and historical heritage of the Bijelo Polje region.\n\nThe author and coordinator of the project is \u017deljko Rai\u010devi\u0107, ethnologist and museum advisor.\n\nThe guide will be realized with funds from the Ministry of Culture of the Republic of Montenegro within the Cultural Heritage Protection and Preservation Program for 2013.<\/p>","protected":false},"excerpt":{"rendered":"<p>Kako su muzeji, shodno Zakonu, du\u017eni da u roku od dvije godine, nakonotvaranja stalne muzejske postavke objave katalog, navedena publikacija je stru\u010dnapublikacija o izlo\u017eenim muzejskim predmetima, kojom \u0107e se ispo\u0161tovati Zakon, unaprijediti muzejska djelatnost na ve\u0107i nivo i znatno pobolj\u0161ati informisanost, \u0161to \u0107e voditi krajnjem cilju, ve\u0107em broju posjeta Muzeju.Upravo, radi boljeg razumijevanja i prezentacije [&hellip;]<\/p>\n","protected":false},"author":1,"featured_media":0,"parent":0,"menu_order":0,"comment_status":"closed","ping_status":"closed","template":"","meta":{"_monsterinsights_skip_tracking":false,"_monsterinsights_sitenote_active":false,"_monsterinsights_sitenote_note":"","_monsterinsights_sitenote_category":0,"footnotes":""},"class_list":["post-227","page","type-page","status-publish","hentry"],"yoast_head":"<!-- This site is optimized with the Yoast SEO plugin v27.6 - https:\/\/yoast.com\/product\/yoast-seo-wordpress\/ -->\n<title>VODI\u010c KROZ ZAVI\u010cAJNI MUZEJ BIJELO POLJE - Muzej Bijelo Polje<\/title>\n<meta name=\"robots\" content=\"index, follow, max-snippet:-1, max-image-preview:large, max-video-preview:-1\" \/>\n<link rel=\"canonical\" href=\"https:\/\/muzejbp.me\/en\/vodic-kroz-zavicajni-muzej-bijelo-polje\/\" \/>\n<meta property=\"og:locale\" content=\"en_US\" \/>\n<meta property=\"og:type\" content=\"article\" \/>\n<meta property=\"og:title\" content=\"VODI\u010c KROZ ZAVI\u010cAJNI MUZEJ BIJELO POLJE - Muzej Bijelo Polje\" \/>\n<meta property=\"og:description\" content=\"Kako su muzeji, shodno Zakonu, du\u017eni da u roku od dvije godine, nakonotvaranja stalne muzejske postavke objave katalog, navedena publikacija je stru\u010dnapublikacija o izlo\u017eenim muzejskim predmetima, kojom \u0107e se ispo\u0161tovati Zakon, unaprijediti muzejska djelatnost na ve\u0107i nivo i znatno pobolj\u0161ati informisanost, \u0161to \u0107e voditi krajnjem cilju, ve\u0107em broju posjeta Muzeju.Upravo, radi boljeg razumijevanja i prezentacije [&hellip;]\" \/>\n<meta property=\"og:url\" content=\"https:\/\/muzejbp.me\/en\/vodic-kroz-zavicajni-muzej-bijelo-polje\/\" \/>\n<meta property=\"og:site_name\" content=\"Muzej Bijelo Polje\" \/>\n<meta property=\"article:modified_time\" content=\"2026-04-30T11:45:21+00:00\" \/>\n<meta name=\"twitter:card\" content=\"summary_large_image\" \/>\n<meta name=\"twitter:label1\" content=\"Est. reading time\" \/>\n\t<meta name=\"twitter:data1\" content=\"1 minute\" \/>\n<script type=\"application\/ld+json\" class=\"yoast-schema-graph\">{\"@context\":\"https:\\\/\\\/schema.org\",\"@graph\":[{\"@type\":\"WebPage\",\"@id\":\"https:\\\/\\\/muzejbp.me\\\/vodic-kroz-zavicajni-muzej-bijelo-polje\\\/\",\"url\":\"https:\\\/\\\/muzejbp.me\\\/vodic-kroz-zavicajni-muzej-bijelo-polje\\\/\",\"name\":\"VODI\u010c KROZ ZAVI\u010cAJNI MUZEJ BIJELO POLJE - Muzej Bijelo Polje\",\"isPartOf\":{\"@id\":\"https:\\\/\\\/muzejbp.me\\\/#website\"},\"datePublished\":\"2026-03-13T07:47:56+00:00\",\"dateModified\":\"2026-04-30T11:45:21+00:00\",\"breadcrumb\":{\"@id\":\"https:\\\/\\\/muzejbp.me\\\/vodic-kroz-zavicajni-muzej-bijelo-polje\\\/#breadcrumb\"},\"inLanguage\":\"en-US\",\"potentialAction\":[{\"@type\":\"ReadAction\",\"target\":[\"https:\\\/\\\/muzejbp.me\\\/vodic-kroz-zavicajni-muzej-bijelo-polje\\\/\"]}]},{\"@type\":\"BreadcrumbList\",\"@id\":\"https:\\\/\\\/muzejbp.me\\\/vodic-kroz-zavicajni-muzej-bijelo-polje\\\/#breadcrumb\",\"itemListElement\":[{\"@type\":\"ListItem\",\"position\":1,\"name\":\"Home\",\"item\":\"https:\\\/\\\/muzejbp.me\\\/\"},{\"@type\":\"ListItem\",\"position\":2,\"name\":\"VODI\u010c KROZ ZAVI\u010cAJNI MUZEJ BIJELO POLJE\"}]},{\"@type\":\"WebSite\",\"@id\":\"https:\\\/\\\/muzejbp.me\\\/#website\",\"url\":\"https:\\\/\\\/muzejbp.me\\\/\",\"name\":\"Muzej Bijelo Polje\",\"description\":\"\",\"publisher\":{\"@id\":\"https:\\\/\\\/muzejbp.me\\\/#organization\"},\"potentialAction\":[{\"@type\":\"SearchAction\",\"target\":{\"@type\":\"EntryPoint\",\"urlTemplate\":\"https:\\\/\\\/muzejbp.me\\\/?s={search_term_string}\"},\"query-input\":{\"@type\":\"PropertyValueSpecification\",\"valueRequired\":true,\"valueName\":\"search_term_string\"}}],\"inLanguage\":\"en-US\"},{\"@type\":\"Organization\",\"@id\":\"https:\\\/\\\/muzejbp.me\\\/#organization\",\"name\":\"Muzej Bijelo Polje\",\"url\":\"https:\\\/\\\/muzejbp.me\\\/\",\"logo\":{\"@type\":\"ImageObject\",\"inLanguage\":\"en-US\",\"@id\":\"https:\\\/\\\/muzejbp.me\\\/#\\\/schema\\\/logo\\\/image\\\/\",\"url\":\"https:\\\/\\\/muzejbp.me\\\/wp-content\\\/uploads\\\/2026\\\/01\\\/Muzej-bijelo-polje-logo-mali.png\",\"contentUrl\":\"https:\\\/\\\/muzejbp.me\\\/wp-content\\\/uploads\\\/2026\\\/01\\\/Muzej-bijelo-polje-logo-mali.png\",\"width\":1024,\"height\":1024,\"caption\":\"Muzej Bijelo Polje\"},\"image\":{\"@id\":\"https:\\\/\\\/muzejbp.me\\\/#\\\/schema\\\/logo\\\/image\\\/\"}}]}<\/script>\n<!-- \/ Yoast SEO plugin. -->","yoast_head_json":{"title":"VODI\u010c KROZ ZAVI\u010cAJNI MUZEJ BIJELO POLJE - Muzej Bijelo Polje","robots":{"index":"index","follow":"follow","max-snippet":"max-snippet:-1","max-image-preview":"max-image-preview:large","max-video-preview":"max-video-preview:-1"},"canonical":"https:\/\/muzejbp.me\/en\/vodic-kroz-zavicajni-muzej-bijelo-polje\/","og_locale":"en_US","og_type":"article","og_title":"VODI\u010c KROZ ZAVI\u010cAJNI MUZEJ BIJELO POLJE - Muzej Bijelo Polje","og_description":"Kako su muzeji, shodno Zakonu, du\u017eni da u roku od dvije godine, nakonotvaranja stalne muzejske postavke objave katalog, navedena publikacija je stru\u010dnapublikacija o izlo\u017eenim muzejskim predmetima, kojom \u0107e se ispo\u0161tovati Zakon, unaprijediti muzejska djelatnost na ve\u0107i nivo i znatno pobolj\u0161ati informisanost, \u0161to \u0107e voditi krajnjem cilju, ve\u0107em broju posjeta Muzeju.Upravo, radi boljeg razumijevanja i prezentacije [&hellip;]","og_url":"https:\/\/muzejbp.me\/en\/vodic-kroz-zavicajni-muzej-bijelo-polje\/","og_site_name":"Muzej Bijelo Polje","article_modified_time":"2026-04-30T11:45:21+00:00","twitter_card":"summary_large_image","twitter_misc":{"Est. reading time":"1 minute"},"schema":{"@context":"https:\/\/schema.org","@graph":[{"@type":"WebPage","@id":"https:\/\/muzejbp.me\/vodic-kroz-zavicajni-muzej-bijelo-polje\/","url":"https:\/\/muzejbp.me\/vodic-kroz-zavicajni-muzej-bijelo-polje\/","name":"VODI\u010c KROZ ZAVI\u010cAJNI MUZEJ BIJELO POLJE - Muzej Bijelo Polje","isPartOf":{"@id":"https:\/\/muzejbp.me\/#website"},"datePublished":"2026-03-13T07:47:56+00:00","dateModified":"2026-04-30T11:45:21+00:00","breadcrumb":{"@id":"https:\/\/muzejbp.me\/vodic-kroz-zavicajni-muzej-bijelo-polje\/#breadcrumb"},"inLanguage":"en-US","potentialAction":[{"@type":"ReadAction","target":["https:\/\/muzejbp.me\/vodic-kroz-zavicajni-muzej-bijelo-polje\/"]}]},{"@type":"BreadcrumbList","@id":"https:\/\/muzejbp.me\/vodic-kroz-zavicajni-muzej-bijelo-polje\/#breadcrumb","itemListElement":[{"@type":"ListItem","position":1,"name":"Home","item":"https:\/\/muzejbp.me\/"},{"@type":"ListItem","position":2,"name":"VODI\u010c KROZ ZAVI\u010cAJNI MUZEJ BIJELO POLJE"}]},{"@type":"WebSite","@id":"https:\/\/muzejbp.me\/#website","url":"https:\/\/muzejbp.me\/","name":"Museum of Bijelo Polje","description":"","publisher":{"@id":"https:\/\/muzejbp.me\/#organization"},"potentialAction":[{"@type":"SearchAction","target":{"@type":"EntryPoint","urlTemplate":"https:\/\/muzejbp.me\/?s={search_term_string}"},"query-input":{"@type":"PropertyValueSpecification","valueRequired":true,"valueName":"search_term_string"}}],"inLanguage":"en-US"},{"@type":"Organization","@id":"https:\/\/muzejbp.me\/#organization","name":"Museum of Bijelo Polje","url":"https:\/\/muzejbp.me\/","logo":{"@type":"ImageObject","inLanguage":"en-US","@id":"https:\/\/muzejbp.me\/#\/schema\/logo\/image\/","url":"https:\/\/muzejbp.me\/wp-content\/uploads\/2026\/01\/Muzej-bijelo-polje-logo-mali.png","contentUrl":"https:\/\/muzejbp.me\/wp-content\/uploads\/2026\/01\/Muzej-bijelo-polje-logo-mali.png","width":1024,"height":1024,"caption":"Muzej Bijelo Polje"},"image":{"@id":"https:\/\/muzejbp.me\/#\/schema\/logo\/image\/"}}]}},"_links":{"self":[{"href":"https:\/\/muzejbp.me\/en\/wp-json\/wp\/v2\/pages\/227","targetHints":{"allow":["GET"]}}],"collection":[{"href":"https:\/\/muzejbp.me\/en\/wp-json\/wp\/v2\/pages"}],"about":[{"href":"https:\/\/muzejbp.me\/en\/wp-json\/wp\/v2\/types\/page"}],"author":[{"embeddable":true,"href":"https:\/\/muzejbp.me\/en\/wp-json\/wp\/v2\/users\/1"}],"replies":[{"embeddable":true,"href":"https:\/\/muzejbp.me\/en\/wp-json\/wp\/v2\/comments?post=227"}],"version-history":[{"count":3,"href":"https:\/\/muzejbp.me\/en\/wp-json\/wp\/v2\/pages\/227\/revisions"}],"predecessor-version":[{"id":1437,"href":"https:\/\/muzejbp.me\/en\/wp-json\/wp\/v2\/pages\/227\/revisions\/1437"}],"wp:attachment":[{"href":"https:\/\/muzejbp.me\/en\/wp-json\/wp\/v2\/media?parent=227"}],"curies":[{"name":"wp","href":"https:\/\/api.w.org\/{rel}","templated":true}]}}