{"id":225,"date":"2026-03-13T07:47:04","date_gmt":"2026-03-13T07:47:04","guid":{"rendered":"https:\/\/muzejbp.me\/?page_id=225"},"modified":"2026-03-13T07:47:04","modified_gmt":"2026-03-13T07:47:04","slug":"revalorizacija-kulturnih-dobara-crne-gore","status":"publish","type":"page","link":"https:\/\/muzejbp.me\/en\/revalorizacija-kulturnih-dobara-crne-gore\/","title":{"rendered":"REVALUATION OF CULTURAL PROPERTIES OF MONTENEGRO"},"content":{"rendered":"<p class=\"has-text-align-center\"><em>The Ministry of Culture of Montenegro and the Administration for the Protection of Cultural Property launched a major cultural project for Montenegro \u2013 the Revaluation of Cultural Properties.<br>The Cultural Property Revaluation Project of Montenegro is one of the largest projects in recent decades. Most of the work, related to the creation of a high-quality documentation database that will improve and enable better protection of cultural assets, is expected to be completed by the end of this year.<br>The project for the revaluation of tangible and intangible cultural heritage is important for determining the condition of movable cultural properties that were entered into the Register in the 1960s, with practically no changes made to their documentation since then. This is the first time that a systematic professional assessment of all parameters relevant to a cultural property is being carried out through an individual elaboration consisting of 16 chapters, for each movable cultural property in Montenegro.<br>The Regional Museum of Bijelo Polje also joined the implementation of this project, which runs until June 2014, and the tasks within it will be carried out by the museum\u2019s experts: \u017deljko Rai\u010devi\u0107, ethnologist and museum advisor; Zdravko Mini\u0107, historian and museum advisor; and Milisav \u0160\u0107eki\u0107, ethnologist and senior curator.<\/em><\/p>","protected":false},"excerpt":{"rendered":"<p>Ministarstvo kulture Crne Gore i Uprava za za\u0161titu kulturnih dobara pokrenuli su kapitalni projekat za crnogorsku kulturu \u2013 Revalorizaciju kulturnih dobara.Projekat Revalorizacije kulturnih dobara Crne Gore jedan je od najve\u0107ih u posljednjih nekoliko decenija. Ve\u0107i dio posla, kada je u pitanju formiranje kvalitetne dokumentacione baze podataka koja \u0107e unaprijediti i omogu\u0107iti bolju za\u0161titu dobara, bi\u0107e [&hellip;]<\/p>\n","protected":false},"author":1,"featured_media":0,"parent":0,"menu_order":0,"comment_status":"closed","ping_status":"closed","template":"","meta":{"_monsterinsights_skip_tracking":false,"_monsterinsights_sitenote_active":false,"_monsterinsights_sitenote_note":"","_monsterinsights_sitenote_category":0,"footnotes":""},"class_list":["post-225","page","type-page","status-publish","hentry"],"yoast_head":"<!-- This site is optimized with the Yoast SEO plugin v27.6 - https:\/\/yoast.com\/product\/yoast-seo-wordpress\/ -->\n<title>REVALORIZACIJA KULTURNIH DOBARA CRNE GORE - Muzej Bijelo Polje<\/title>\n<meta name=\"robots\" content=\"index, follow, max-snippet:-1, max-image-preview:large, max-video-preview:-1\" \/>\n<link rel=\"canonical\" href=\"https:\/\/muzejbp.me\/en\/revalorizacija-kulturnih-dobara-crne-gore\/\" \/>\n<meta property=\"og:locale\" content=\"en_US\" \/>\n<meta property=\"og:type\" content=\"article\" \/>\n<meta property=\"og:title\" content=\"REVALORIZACIJA KULTURNIH DOBARA CRNE GORE - Muzej Bijelo Polje\" \/>\n<meta property=\"og:description\" content=\"Ministarstvo kulture Crne Gore i Uprava za za\u0161titu kulturnih dobara pokrenuli su kapitalni projekat za crnogorsku kulturu \u2013 Revalorizaciju kulturnih dobara.Projekat Revalorizacije kulturnih dobara Crne Gore jedan je od najve\u0107ih u posljednjih nekoliko decenija. Ve\u0107i dio posla, kada je u pitanju formiranje kvalitetne dokumentacione baze podataka koja \u0107e unaprijediti i omogu\u0107iti bolju za\u0161titu dobara, bi\u0107e [&hellip;]\" \/>\n<meta property=\"og:url\" content=\"https:\/\/muzejbp.me\/en\/revalorizacija-kulturnih-dobara-crne-gore\/\" \/>\n<meta property=\"og:site_name\" content=\"Muzej Bijelo Polje\" \/>\n<meta name=\"twitter:card\" content=\"summary_large_image\" \/>\n<meta name=\"twitter:label1\" content=\"Est. reading time\" \/>\n\t<meta name=\"twitter:data1\" content=\"1 minute\" \/>\n<script type=\"application\/ld+json\" class=\"yoast-schema-graph\">{\"@context\":\"https:\\\/\\\/schema.org\",\"@graph\":[{\"@type\":\"WebPage\",\"@id\":\"https:\\\/\\\/muzejbp.me\\\/revalorizacija-kulturnih-dobara-crne-gore\\\/\",\"url\":\"https:\\\/\\\/muzejbp.me\\\/revalorizacija-kulturnih-dobara-crne-gore\\\/\",\"name\":\"REVALORIZACIJA KULTURNIH DOBARA CRNE GORE - Muzej Bijelo Polje\",\"isPartOf\":{\"@id\":\"https:\\\/\\\/muzejbp.me\\\/#website\"},\"datePublished\":\"2026-03-13T07:47:04+00:00\",\"breadcrumb\":{\"@id\":\"https:\\\/\\\/muzejbp.me\\\/revalorizacija-kulturnih-dobara-crne-gore\\\/#breadcrumb\"},\"inLanguage\":\"en-US\",\"potentialAction\":[{\"@type\":\"ReadAction\",\"target\":[\"https:\\\/\\\/muzejbp.me\\\/revalorizacija-kulturnih-dobara-crne-gore\\\/\"]}]},{\"@type\":\"BreadcrumbList\",\"@id\":\"https:\\\/\\\/muzejbp.me\\\/revalorizacija-kulturnih-dobara-crne-gore\\\/#breadcrumb\",\"itemListElement\":[{\"@type\":\"ListItem\",\"position\":1,\"name\":\"Home\",\"item\":\"https:\\\/\\\/muzejbp.me\\\/\"},{\"@type\":\"ListItem\",\"position\":2,\"name\":\"REVALORIZACIJA KULTURNIH DOBARA CRNE GORE\"}]},{\"@type\":\"WebSite\",\"@id\":\"https:\\\/\\\/muzejbp.me\\\/#website\",\"url\":\"https:\\\/\\\/muzejbp.me\\\/\",\"name\":\"Muzej Bijelo Polje\",\"description\":\"\",\"publisher\":{\"@id\":\"https:\\\/\\\/muzejbp.me\\\/#organization\"},\"potentialAction\":[{\"@type\":\"SearchAction\",\"target\":{\"@type\":\"EntryPoint\",\"urlTemplate\":\"https:\\\/\\\/muzejbp.me\\\/?s={search_term_string}\"},\"query-input\":{\"@type\":\"PropertyValueSpecification\",\"valueRequired\":true,\"valueName\":\"search_term_string\"}}],\"inLanguage\":\"en-US\"},{\"@type\":\"Organization\",\"@id\":\"https:\\\/\\\/muzejbp.me\\\/#organization\",\"name\":\"Muzej Bijelo Polje\",\"url\":\"https:\\\/\\\/muzejbp.me\\\/\",\"logo\":{\"@type\":\"ImageObject\",\"inLanguage\":\"en-US\",\"@id\":\"https:\\\/\\\/muzejbp.me\\\/#\\\/schema\\\/logo\\\/image\\\/\",\"url\":\"https:\\\/\\\/muzejbp.me\\\/wp-content\\\/uploads\\\/2026\\\/01\\\/Muzej-bijelo-polje-logo-mali.png\",\"contentUrl\":\"https:\\\/\\\/muzejbp.me\\\/wp-content\\\/uploads\\\/2026\\\/01\\\/Muzej-bijelo-polje-logo-mali.png\",\"width\":1024,\"height\":1024,\"caption\":\"Muzej Bijelo Polje\"},\"image\":{\"@id\":\"https:\\\/\\\/muzejbp.me\\\/#\\\/schema\\\/logo\\\/image\\\/\"}}]}<\/script>\n<!-- \/ Yoast SEO plugin. -->","yoast_head_json":{"title":"REVALORIZACIJA KULTURNIH DOBARA CRNE GORE - Muzej Bijelo Polje","robots":{"index":"index","follow":"follow","max-snippet":"max-snippet:-1","max-image-preview":"max-image-preview:large","max-video-preview":"max-video-preview:-1"},"canonical":"https:\/\/muzejbp.me\/en\/revalorizacija-kulturnih-dobara-crne-gore\/","og_locale":"en_US","og_type":"article","og_title":"REVALORIZACIJA KULTURNIH DOBARA CRNE GORE - Muzej Bijelo Polje","og_description":"Ministarstvo kulture Crne Gore i Uprava za za\u0161titu kulturnih dobara pokrenuli su kapitalni projekat za crnogorsku kulturu \u2013 Revalorizaciju kulturnih dobara.Projekat Revalorizacije kulturnih dobara Crne Gore jedan je od najve\u0107ih u posljednjih nekoliko decenija. Ve\u0107i dio posla, kada je u pitanju formiranje kvalitetne dokumentacione baze podataka koja \u0107e unaprijediti i omogu\u0107iti bolju za\u0161titu dobara, bi\u0107e [&hellip;]","og_url":"https:\/\/muzejbp.me\/en\/revalorizacija-kulturnih-dobara-crne-gore\/","og_site_name":"Muzej Bijelo Polje","twitter_card":"summary_large_image","twitter_misc":{"Est. reading time":"1 minute"},"schema":{"@context":"https:\/\/schema.org","@graph":[{"@type":"WebPage","@id":"https:\/\/muzejbp.me\/revalorizacija-kulturnih-dobara-crne-gore\/","url":"https:\/\/muzejbp.me\/revalorizacija-kulturnih-dobara-crne-gore\/","name":"REVALORIZACIJA KULTURNIH DOBARA CRNE GORE - Muzej Bijelo Polje","isPartOf":{"@id":"https:\/\/muzejbp.me\/#website"},"datePublished":"2026-03-13T07:47:04+00:00","breadcrumb":{"@id":"https:\/\/muzejbp.me\/revalorizacija-kulturnih-dobara-crne-gore\/#breadcrumb"},"inLanguage":"en-US","potentialAction":[{"@type":"ReadAction","target":["https:\/\/muzejbp.me\/revalorizacija-kulturnih-dobara-crne-gore\/"]}]},{"@type":"BreadcrumbList","@id":"https:\/\/muzejbp.me\/revalorizacija-kulturnih-dobara-crne-gore\/#breadcrumb","itemListElement":[{"@type":"ListItem","position":1,"name":"Home","item":"https:\/\/muzejbp.me\/"},{"@type":"ListItem","position":2,"name":"REVALORIZACIJA KULTURNIH DOBARA CRNE GORE"}]},{"@type":"WebSite","@id":"https:\/\/muzejbp.me\/#website","url":"https:\/\/muzejbp.me\/","name":"Museum of Bijelo Polje","description":"","publisher":{"@id":"https:\/\/muzejbp.me\/#organization"},"potentialAction":[{"@type":"SearchAction","target":{"@type":"EntryPoint","urlTemplate":"https:\/\/muzejbp.me\/?s={search_term_string}"},"query-input":{"@type":"PropertyValueSpecification","valueRequired":true,"valueName":"search_term_string"}}],"inLanguage":"en-US"},{"@type":"Organization","@id":"https:\/\/muzejbp.me\/#organization","name":"Museum of Bijelo Polje","url":"https:\/\/muzejbp.me\/","logo":{"@type":"ImageObject","inLanguage":"en-US","@id":"https:\/\/muzejbp.me\/#\/schema\/logo\/image\/","url":"https:\/\/muzejbp.me\/wp-content\/uploads\/2026\/01\/Muzej-bijelo-polje-logo-mali.png","contentUrl":"https:\/\/muzejbp.me\/wp-content\/uploads\/2026\/01\/Muzej-bijelo-polje-logo-mali.png","width":1024,"height":1024,"caption":"Muzej Bijelo Polje"},"image":{"@id":"https:\/\/muzejbp.me\/#\/schema\/logo\/image\/"}}]}},"_links":{"self":[{"href":"https:\/\/muzejbp.me\/en\/wp-json\/wp\/v2\/pages\/225","targetHints":{"allow":["GET"]}}],"collection":[{"href":"https:\/\/muzejbp.me\/en\/wp-json\/wp\/v2\/pages"}],"about":[{"href":"https:\/\/muzejbp.me\/en\/wp-json\/wp\/v2\/types\/page"}],"author":[{"embeddable":true,"href":"https:\/\/muzejbp.me\/en\/wp-json\/wp\/v2\/users\/1"}],"replies":[{"embeddable":true,"href":"https:\/\/muzejbp.me\/en\/wp-json\/wp\/v2\/comments?post=225"}],"version-history":[{"count":1,"href":"https:\/\/muzejbp.me\/en\/wp-json\/wp\/v2\/pages\/225\/revisions"}],"predecessor-version":[{"id":226,"href":"https:\/\/muzejbp.me\/en\/wp-json\/wp\/v2\/pages\/225\/revisions\/226"}],"wp:attachment":[{"href":"https:\/\/muzejbp.me\/en\/wp-json\/wp\/v2\/media?parent=225"}],"curies":[{"name":"wp","href":"https:\/\/api.w.org\/{rel}","templated":true}]}}