{"id":223,"date":"2026-03-13T07:46:04","date_gmt":"2026-03-13T07:46:04","guid":{"rendered":"https:\/\/muzejbp.me\/?page_id=223"},"modified":"2026-03-13T07:46:04","modified_gmt":"2026-03-13T07:46:04","slug":"moj-grad-moj-muzej","status":"publish","type":"page","link":"https:\/\/muzejbp.me\/en\/moj-grad-moj-muzej\/","title":{"rendered":"MY CITY, MY MUSEUM"},"content":{"rendered":"<p class=\"has-text-align-center\"><em>By implementing the project \u201cMy City \u2013 My Museum,\u201d the Museum aims to improve and enhance the city\u2019s cultural offer by using educational and creative content to help children, at the earliest stages of their schooling, acquire basic knowledge of museology and the rich cultural and historical past of their city.<br>The project consists of two phases: the first phase is intended for primary school students, while the second phase is planned for the following year and will be aimed at secondary school students.<br>The project also consists of a theoretical and a practical part. The theoretical part includes expert lectures on the topics: \u201cMuseology and the role of museums in the modern world\u201d and \u201cCultural properties: concept and significance.\u201d The practical part of the project includes visits to cultural assets and monuments.<br>The author and coordinator of the project is \u017deljko Rai\u010devi\u0107, ethnologist and museum advisor.<br>The project was funded by the Government Commission for the Allocation of a Portion of Revenue from Games of Chance.<\/em><\/p>","protected":false},"excerpt":{"rendered":"<p>Realizacijom Projekta, \u201dMoj grad &#8211; moj Muzej\u201d, \u017eelja Muzeja je da pobolj\u0161a i unaprijedi kulturnu ponudu gradu, na na\u010din \u0161to \u0107e kroz edukativne i kreativne sadr\u017eaje, uticati na to da djeca u najranijoj fazi \u0161kolovanja steknu odr\u0111ena znanja iz muzeologije i bogate kulturno- istorijske pro\u0161losti svoga grada.Projekat se sastoji iz dvije faze: prva faza namijenjena [&hellip;]<\/p>\n","protected":false},"author":1,"featured_media":0,"parent":0,"menu_order":0,"comment_status":"closed","ping_status":"closed","template":"","meta":{"_monsterinsights_skip_tracking":false,"_monsterinsights_sitenote_active":false,"_monsterinsights_sitenote_note":"","_monsterinsights_sitenote_category":0,"footnotes":""},"class_list":["post-223","page","type-page","status-publish","hentry"],"yoast_head":"<!-- This site is optimized with the Yoast SEO plugin v27.6 - https:\/\/yoast.com\/product\/yoast-seo-wordpress\/ -->\n<title>MOJ GRAD MOJ MUZEJ - Muzej Bijelo Polje<\/title>\n<meta name=\"robots\" content=\"index, follow, max-snippet:-1, max-image-preview:large, max-video-preview:-1\" \/>\n<link rel=\"canonical\" href=\"https:\/\/muzejbp.me\/en\/moj-grad-moj-muzej\/\" \/>\n<meta property=\"og:locale\" content=\"en_US\" \/>\n<meta property=\"og:type\" content=\"article\" \/>\n<meta property=\"og:title\" content=\"MOJ GRAD MOJ MUZEJ - Muzej Bijelo Polje\" \/>\n<meta property=\"og:description\" content=\"Realizacijom Projekta, \u201dMoj grad &#8211; moj Muzej\u201d, \u017eelja Muzeja je da pobolj\u0161a i unaprijedi kulturnu ponudu gradu, na na\u010din \u0161to \u0107e kroz edukativne i kreativne sadr\u017eaje, uticati na to da djeca u najranijoj fazi \u0161kolovanja steknu odr\u0111ena znanja iz muzeologije i bogate kulturno- istorijske pro\u0161losti svoga grada.Projekat se sastoji iz dvije faze: prva faza namijenjena [&hellip;]\" \/>\n<meta property=\"og:url\" content=\"https:\/\/muzejbp.me\/en\/moj-grad-moj-muzej\/\" \/>\n<meta property=\"og:site_name\" content=\"Muzej Bijelo Polje\" \/>\n<meta name=\"twitter:card\" content=\"summary_large_image\" \/>\n<meta name=\"twitter:label1\" content=\"Est. reading time\" \/>\n\t<meta name=\"twitter:data1\" content=\"1 minute\" \/>\n<script type=\"application\/ld+json\" class=\"yoast-schema-graph\">{\"@context\":\"https:\\\/\\\/schema.org\",\"@graph\":[{\"@type\":\"WebPage\",\"@id\":\"https:\\\/\\\/muzejbp.me\\\/moj-grad-moj-muzej\\\/\",\"url\":\"https:\\\/\\\/muzejbp.me\\\/moj-grad-moj-muzej\\\/\",\"name\":\"MOJ GRAD MOJ MUZEJ - Muzej Bijelo Polje\",\"isPartOf\":{\"@id\":\"https:\\\/\\\/muzejbp.me\\\/#website\"},\"datePublished\":\"2026-03-13T07:46:04+00:00\",\"breadcrumb\":{\"@id\":\"https:\\\/\\\/muzejbp.me\\\/moj-grad-moj-muzej\\\/#breadcrumb\"},\"inLanguage\":\"en-US\",\"potentialAction\":[{\"@type\":\"ReadAction\",\"target\":[\"https:\\\/\\\/muzejbp.me\\\/moj-grad-moj-muzej\\\/\"]}]},{\"@type\":\"BreadcrumbList\",\"@id\":\"https:\\\/\\\/muzejbp.me\\\/moj-grad-moj-muzej\\\/#breadcrumb\",\"itemListElement\":[{\"@type\":\"ListItem\",\"position\":1,\"name\":\"Home\",\"item\":\"https:\\\/\\\/muzejbp.me\\\/\"},{\"@type\":\"ListItem\",\"position\":2,\"name\":\"MOJ GRAD MOJ MUZEJ\"}]},{\"@type\":\"WebSite\",\"@id\":\"https:\\\/\\\/muzejbp.me\\\/#website\",\"url\":\"https:\\\/\\\/muzejbp.me\\\/\",\"name\":\"Muzej Bijelo Polje\",\"description\":\"\",\"publisher\":{\"@id\":\"https:\\\/\\\/muzejbp.me\\\/#organization\"},\"potentialAction\":[{\"@type\":\"SearchAction\",\"target\":{\"@type\":\"EntryPoint\",\"urlTemplate\":\"https:\\\/\\\/muzejbp.me\\\/?s={search_term_string}\"},\"query-input\":{\"@type\":\"PropertyValueSpecification\",\"valueRequired\":true,\"valueName\":\"search_term_string\"}}],\"inLanguage\":\"en-US\"},{\"@type\":\"Organization\",\"@id\":\"https:\\\/\\\/muzejbp.me\\\/#organization\",\"name\":\"Muzej Bijelo Polje\",\"url\":\"https:\\\/\\\/muzejbp.me\\\/\",\"logo\":{\"@type\":\"ImageObject\",\"inLanguage\":\"en-US\",\"@id\":\"https:\\\/\\\/muzejbp.me\\\/#\\\/schema\\\/logo\\\/image\\\/\",\"url\":\"https:\\\/\\\/muzejbp.me\\\/wp-content\\\/uploads\\\/2026\\\/01\\\/Muzej-bijelo-polje-logo-mali.png\",\"contentUrl\":\"https:\\\/\\\/muzejbp.me\\\/wp-content\\\/uploads\\\/2026\\\/01\\\/Muzej-bijelo-polje-logo-mali.png\",\"width\":1024,\"height\":1024,\"caption\":\"Muzej Bijelo Polje\"},\"image\":{\"@id\":\"https:\\\/\\\/muzejbp.me\\\/#\\\/schema\\\/logo\\\/image\\\/\"}}]}<\/script>\n<!-- \/ Yoast SEO plugin. -->","yoast_head_json":{"title":"MOJ GRAD MOJ MUZEJ - Muzej Bijelo Polje","robots":{"index":"index","follow":"follow","max-snippet":"max-snippet:-1","max-image-preview":"max-image-preview:large","max-video-preview":"max-video-preview:-1"},"canonical":"https:\/\/muzejbp.me\/en\/moj-grad-moj-muzej\/","og_locale":"en_US","og_type":"article","og_title":"MOJ GRAD MOJ MUZEJ - Muzej Bijelo Polje","og_description":"Realizacijom Projekta, \u201dMoj grad &#8211; moj Muzej\u201d, \u017eelja Muzeja je da pobolj\u0161a i unaprijedi kulturnu ponudu gradu, na na\u010din \u0161to \u0107e kroz edukativne i kreativne sadr\u017eaje, uticati na to da djeca u najranijoj fazi \u0161kolovanja steknu odr\u0111ena znanja iz muzeologije i bogate kulturno- istorijske pro\u0161losti svoga grada.Projekat se sastoji iz dvije faze: prva faza namijenjena [&hellip;]","og_url":"https:\/\/muzejbp.me\/en\/moj-grad-moj-muzej\/","og_site_name":"Muzej Bijelo Polje","twitter_card":"summary_large_image","twitter_misc":{"Est. reading time":"1 minute"},"schema":{"@context":"https:\/\/schema.org","@graph":[{"@type":"WebPage","@id":"https:\/\/muzejbp.me\/moj-grad-moj-muzej\/","url":"https:\/\/muzejbp.me\/moj-grad-moj-muzej\/","name":"MOJ GRAD MOJ MUZEJ - Muzej Bijelo Polje","isPartOf":{"@id":"https:\/\/muzejbp.me\/#website"},"datePublished":"2026-03-13T07:46:04+00:00","breadcrumb":{"@id":"https:\/\/muzejbp.me\/moj-grad-moj-muzej\/#breadcrumb"},"inLanguage":"en-US","potentialAction":[{"@type":"ReadAction","target":["https:\/\/muzejbp.me\/moj-grad-moj-muzej\/"]}]},{"@type":"BreadcrumbList","@id":"https:\/\/muzejbp.me\/moj-grad-moj-muzej\/#breadcrumb","itemListElement":[{"@type":"ListItem","position":1,"name":"Home","item":"https:\/\/muzejbp.me\/"},{"@type":"ListItem","position":2,"name":"MOJ GRAD MOJ MUZEJ"}]},{"@type":"WebSite","@id":"https:\/\/muzejbp.me\/#website","url":"https:\/\/muzejbp.me\/","name":"Museum of Bijelo Polje","description":"","publisher":{"@id":"https:\/\/muzejbp.me\/#organization"},"potentialAction":[{"@type":"SearchAction","target":{"@type":"EntryPoint","urlTemplate":"https:\/\/muzejbp.me\/?s={search_term_string}"},"query-input":{"@type":"PropertyValueSpecification","valueRequired":true,"valueName":"search_term_string"}}],"inLanguage":"en-US"},{"@type":"Organization","@id":"https:\/\/muzejbp.me\/#organization","name":"Museum of Bijelo Polje","url":"https:\/\/muzejbp.me\/","logo":{"@type":"ImageObject","inLanguage":"en-US","@id":"https:\/\/muzejbp.me\/#\/schema\/logo\/image\/","url":"https:\/\/muzejbp.me\/wp-content\/uploads\/2026\/01\/Muzej-bijelo-polje-logo-mali.png","contentUrl":"https:\/\/muzejbp.me\/wp-content\/uploads\/2026\/01\/Muzej-bijelo-polje-logo-mali.png","width":1024,"height":1024,"caption":"Muzej Bijelo Polje"},"image":{"@id":"https:\/\/muzejbp.me\/#\/schema\/logo\/image\/"}}]}},"_links":{"self":[{"href":"https:\/\/muzejbp.me\/en\/wp-json\/wp\/v2\/pages\/223","targetHints":{"allow":["GET"]}}],"collection":[{"href":"https:\/\/muzejbp.me\/en\/wp-json\/wp\/v2\/pages"}],"about":[{"href":"https:\/\/muzejbp.me\/en\/wp-json\/wp\/v2\/types\/page"}],"author":[{"embeddable":true,"href":"https:\/\/muzejbp.me\/en\/wp-json\/wp\/v2\/users\/1"}],"replies":[{"embeddable":true,"href":"https:\/\/muzejbp.me\/en\/wp-json\/wp\/v2\/comments?post=223"}],"version-history":[{"count":1,"href":"https:\/\/muzejbp.me\/en\/wp-json\/wp\/v2\/pages\/223\/revisions"}],"predecessor-version":[{"id":224,"href":"https:\/\/muzejbp.me\/en\/wp-json\/wp\/v2\/pages\/223\/revisions\/224"}],"wp:attachment":[{"href":"https:\/\/muzejbp.me\/en\/wp-json\/wp\/v2\/media?parent=223"}],"curies":[{"name":"wp","href":"https:\/\/api.w.org\/{rel}","templated":true}]}}