{"id":115,"date":"2026-03-12T10:47:28","date_gmt":"2026-03-12T10:47:28","guid":{"rendered":"https:\/\/muzejbp.me\/?page_id=115"},"modified":"2026-03-12T10:47:28","modified_gmt":"2026-03-12T10:47:28","slug":"most-na-rijeci-bistrici-selo-bistrica","status":"publish","type":"page","link":"https:\/\/muzejbp.me\/en\/most-na-rijeci-bistrici-selo-bistrica\/","title":{"rendered":"Bridge on the Bistrica River, village of Bistrica"},"content":{"rendered":"<p class=\"has-text-align-center\"><em>The bridge is located in the village of Bistrica, about 16 km from the urban center of Bijelo Polje. It represents a monument of Ottoman architectural tradition and the only connection between the village and the town.<br>There are numerous legends about the bridge: about the builder Proko, about three brothers, as well as the belief that it was built by Hajdar Pasha of Bihor during the construction of the mosque in Raduli\u0107i.<br>Although the exact time of construction is not known, it is assumed that the bridge was built in the late 18th or early 19th century.<br>It was built of roughly dressed grey stone, while the archivolts were made of finely worked stone. The arch profile in the form of the so-called \u201cdonkey\u2019s back\u201d indicates an authentic Ottoman building style and the bridge\u2019s distinctive silhouette.<\/em><\/p>\n\n\n\n<p><\/p>","protected":false},"excerpt":{"rendered":"<p>Most se nalazi u selu Bistrici, oko 16 km od urbanog jezgra Bijelog Polja. Predstavlja spomenik osmanske graditeljske tradicije i jedinu komunikaciju sela sa gradom.O mostu postoje brojna predanja: o neimaru Proki, o tri brata, kao i da ga je podigao Hajdar-pa\u0161a Bihorski prilikom izgradnje d\u017eamije u Raduli\u0107ima.Iako ta\u010dno vrijeme gradnje nije poznato, pretpostavlja se [&hellip;]<\/p>\n","protected":false},"author":1,"featured_media":0,"parent":0,"menu_order":0,"comment_status":"closed","ping_status":"closed","template":"","meta":{"_monsterinsights_skip_tracking":false,"_monsterinsights_sitenote_active":false,"_monsterinsights_sitenote_note":"","_monsterinsights_sitenote_category":0,"footnotes":""},"class_list":["post-115","page","type-page","status-publish","hentry"],"yoast_head":"<!-- This site is optimized with the Yoast SEO plugin v27.6 - https:\/\/yoast.com\/product\/yoast-seo-wordpress\/ -->\n<title>Most na rijeci Bistrici, selo Bistrica - Muzej Bijelo Polje<\/title>\n<meta name=\"robots\" content=\"index, follow, max-snippet:-1, max-image-preview:large, max-video-preview:-1\" \/>\n<link rel=\"canonical\" href=\"https:\/\/muzejbp.me\/en\/most-na-rijeci-bistrici-selo-bistrica\/\" \/>\n<meta property=\"og:locale\" content=\"en_US\" \/>\n<meta property=\"og:type\" content=\"article\" \/>\n<meta property=\"og:title\" content=\"Most na rijeci Bistrici, selo Bistrica - Muzej Bijelo Polje\" \/>\n<meta property=\"og:description\" content=\"Most se nalazi u selu Bistrici, oko 16 km od urbanog jezgra Bijelog Polja. Predstavlja spomenik osmanske graditeljske tradicije i jedinu komunikaciju sela sa gradom.O mostu postoje brojna predanja: o neimaru Proki, o tri brata, kao i da ga je podigao Hajdar-pa\u0161a Bihorski prilikom izgradnje d\u017eamije u Raduli\u0107ima.Iako ta\u010dno vrijeme gradnje nije poznato, pretpostavlja se [&hellip;]\" \/>\n<meta property=\"og:url\" content=\"https:\/\/muzejbp.me\/en\/most-na-rijeci-bistrici-selo-bistrica\/\" \/>\n<meta property=\"og:site_name\" content=\"Muzej Bijelo Polje\" \/>\n<meta name=\"twitter:card\" content=\"summary_large_image\" \/>\n<meta name=\"twitter:label1\" content=\"Est. reading time\" \/>\n\t<meta name=\"twitter:data1\" content=\"1 minute\" \/>\n<script type=\"application\/ld+json\" class=\"yoast-schema-graph\">{\"@context\":\"https:\\\/\\\/schema.org\",\"@graph\":[{\"@type\":\"WebPage\",\"@id\":\"https:\\\/\\\/muzejbp.me\\\/most-na-rijeci-bistrici-selo-bistrica\\\/\",\"url\":\"https:\\\/\\\/muzejbp.me\\\/most-na-rijeci-bistrici-selo-bistrica\\\/\",\"name\":\"Most na rijeci Bistrici, selo Bistrica - Muzej Bijelo Polje\",\"isPartOf\":{\"@id\":\"https:\\\/\\\/muzejbp.me\\\/#website\"},\"datePublished\":\"2026-03-12T10:47:28+00:00\",\"breadcrumb\":{\"@id\":\"https:\\\/\\\/muzejbp.me\\\/most-na-rijeci-bistrici-selo-bistrica\\\/#breadcrumb\"},\"inLanguage\":\"en-US\",\"potentialAction\":[{\"@type\":\"ReadAction\",\"target\":[\"https:\\\/\\\/muzejbp.me\\\/most-na-rijeci-bistrici-selo-bistrica\\\/\"]}]},{\"@type\":\"BreadcrumbList\",\"@id\":\"https:\\\/\\\/muzejbp.me\\\/most-na-rijeci-bistrici-selo-bistrica\\\/#breadcrumb\",\"itemListElement\":[{\"@type\":\"ListItem\",\"position\":1,\"name\":\"Home\",\"item\":\"https:\\\/\\\/muzejbp.me\\\/\"},{\"@type\":\"ListItem\",\"position\":2,\"name\":\"Most na rijeci Bistrici, selo Bistrica\"}]},{\"@type\":\"WebSite\",\"@id\":\"https:\\\/\\\/muzejbp.me\\\/#website\",\"url\":\"https:\\\/\\\/muzejbp.me\\\/\",\"name\":\"Muzej Bijelo Polje\",\"description\":\"\",\"publisher\":{\"@id\":\"https:\\\/\\\/muzejbp.me\\\/#organization\"},\"potentialAction\":[{\"@type\":\"SearchAction\",\"target\":{\"@type\":\"EntryPoint\",\"urlTemplate\":\"https:\\\/\\\/muzejbp.me\\\/?s={search_term_string}\"},\"query-input\":{\"@type\":\"PropertyValueSpecification\",\"valueRequired\":true,\"valueName\":\"search_term_string\"}}],\"inLanguage\":\"en-US\"},{\"@type\":\"Organization\",\"@id\":\"https:\\\/\\\/muzejbp.me\\\/#organization\",\"name\":\"Muzej Bijelo Polje\",\"url\":\"https:\\\/\\\/muzejbp.me\\\/\",\"logo\":{\"@type\":\"ImageObject\",\"inLanguage\":\"en-US\",\"@id\":\"https:\\\/\\\/muzejbp.me\\\/#\\\/schema\\\/logo\\\/image\\\/\",\"url\":\"https:\\\/\\\/muzejbp.me\\\/wp-content\\\/uploads\\\/2026\\\/01\\\/Muzej-bijelo-polje-logo-mali.png\",\"contentUrl\":\"https:\\\/\\\/muzejbp.me\\\/wp-content\\\/uploads\\\/2026\\\/01\\\/Muzej-bijelo-polje-logo-mali.png\",\"width\":1024,\"height\":1024,\"caption\":\"Muzej Bijelo Polje\"},\"image\":{\"@id\":\"https:\\\/\\\/muzejbp.me\\\/#\\\/schema\\\/logo\\\/image\\\/\"}}]}<\/script>\n<!-- \/ Yoast SEO plugin. -->","yoast_head_json":{"title":"Most na rijeci Bistrici, selo Bistrica - Muzej Bijelo Polje","robots":{"index":"index","follow":"follow","max-snippet":"max-snippet:-1","max-image-preview":"max-image-preview:large","max-video-preview":"max-video-preview:-1"},"canonical":"https:\/\/muzejbp.me\/en\/most-na-rijeci-bistrici-selo-bistrica\/","og_locale":"en_US","og_type":"article","og_title":"Most na rijeci Bistrici, selo Bistrica - Muzej Bijelo Polje","og_description":"Most se nalazi u selu Bistrici, oko 16 km od urbanog jezgra Bijelog Polja. Predstavlja spomenik osmanske graditeljske tradicije i jedinu komunikaciju sela sa gradom.O mostu postoje brojna predanja: o neimaru Proki, o tri brata, kao i da ga je podigao Hajdar-pa\u0161a Bihorski prilikom izgradnje d\u017eamije u Raduli\u0107ima.Iako ta\u010dno vrijeme gradnje nije poznato, pretpostavlja se [&hellip;]","og_url":"https:\/\/muzejbp.me\/en\/most-na-rijeci-bistrici-selo-bistrica\/","og_site_name":"Muzej Bijelo Polje","twitter_card":"summary_large_image","twitter_misc":{"Est. reading time":"1 minute"},"schema":{"@context":"https:\/\/schema.org","@graph":[{"@type":"WebPage","@id":"https:\/\/muzejbp.me\/most-na-rijeci-bistrici-selo-bistrica\/","url":"https:\/\/muzejbp.me\/most-na-rijeci-bistrici-selo-bistrica\/","name":"Most na rijeci Bistrici, selo Bistrica - Muzej Bijelo Polje","isPartOf":{"@id":"https:\/\/muzejbp.me\/#website"},"datePublished":"2026-03-12T10:47:28+00:00","breadcrumb":{"@id":"https:\/\/muzejbp.me\/most-na-rijeci-bistrici-selo-bistrica\/#breadcrumb"},"inLanguage":"en-US","potentialAction":[{"@type":"ReadAction","target":["https:\/\/muzejbp.me\/most-na-rijeci-bistrici-selo-bistrica\/"]}]},{"@type":"BreadcrumbList","@id":"https:\/\/muzejbp.me\/most-na-rijeci-bistrici-selo-bistrica\/#breadcrumb","itemListElement":[{"@type":"ListItem","position":1,"name":"Home","item":"https:\/\/muzejbp.me\/"},{"@type":"ListItem","position":2,"name":"Most na rijeci Bistrici, selo Bistrica"}]},{"@type":"WebSite","@id":"https:\/\/muzejbp.me\/#website","url":"https:\/\/muzejbp.me\/","name":"Museum of Bijelo Polje","description":"","publisher":{"@id":"https:\/\/muzejbp.me\/#organization"},"potentialAction":[{"@type":"SearchAction","target":{"@type":"EntryPoint","urlTemplate":"https:\/\/muzejbp.me\/?s={search_term_string}"},"query-input":{"@type":"PropertyValueSpecification","valueRequired":true,"valueName":"search_term_string"}}],"inLanguage":"en-US"},{"@type":"Organization","@id":"https:\/\/muzejbp.me\/#organization","name":"Museum of Bijelo Polje","url":"https:\/\/muzejbp.me\/","logo":{"@type":"ImageObject","inLanguage":"en-US","@id":"https:\/\/muzejbp.me\/#\/schema\/logo\/image\/","url":"https:\/\/muzejbp.me\/wp-content\/uploads\/2026\/01\/Muzej-bijelo-polje-logo-mali.png","contentUrl":"https:\/\/muzejbp.me\/wp-content\/uploads\/2026\/01\/Muzej-bijelo-polje-logo-mali.png","width":1024,"height":1024,"caption":"Muzej Bijelo Polje"},"image":{"@id":"https:\/\/muzejbp.me\/#\/schema\/logo\/image\/"}}]}},"_links":{"self":[{"href":"https:\/\/muzejbp.me\/en\/wp-json\/wp\/v2\/pages\/115","targetHints":{"allow":["GET"]}}],"collection":[{"href":"https:\/\/muzejbp.me\/en\/wp-json\/wp\/v2\/pages"}],"about":[{"href":"https:\/\/muzejbp.me\/en\/wp-json\/wp\/v2\/types\/page"}],"author":[{"embeddable":true,"href":"https:\/\/muzejbp.me\/en\/wp-json\/wp\/v2\/users\/1"}],"replies":[{"embeddable":true,"href":"https:\/\/muzejbp.me\/en\/wp-json\/wp\/v2\/comments?post=115"}],"version-history":[{"count":1,"href":"https:\/\/muzejbp.me\/en\/wp-json\/wp\/v2\/pages\/115\/revisions"}],"predecessor-version":[{"id":116,"href":"https:\/\/muzejbp.me\/en\/wp-json\/wp\/v2\/pages\/115\/revisions\/116"}],"wp:attachment":[{"href":"https:\/\/muzejbp.me\/en\/wp-json\/wp\/v2\/media?parent=115"}],"curies":[{"name":"wp","href":"https:\/\/api.w.org\/{rel}","templated":true}]}}