{"id":113,"date":"2026-03-12T10:46:58","date_gmt":"2026-03-12T10:46:58","guid":{"rendered":"https:\/\/muzejbp.me\/?page_id=113"},"modified":"2026-03-12T10:46:58","modified_gmt":"2026-03-12T10:46:58","slug":"arheoloski-lokalitet-samograd","status":"publish","type":"page","link":"https:\/\/muzejbp.me\/en\/arheoloski-lokalitet-samograd\/","title":{"rendered":"Archaeological site Samograd"},"content":{"rendered":"<p class=\"has-text-align-center\"><em>The Samograd site is located halfway between Berane and Bijelo Polje, on the left bank of the Lim River, between the ravines carved by the Brzava stream (to the southeast) and the Selina stream (to the northeast).<br>Initial research conducted by the Republic Institute for the Protection of Cultural Monuments of Montenegro and the Department of Archaeology of the Faculty of Philosophy in Belgrade indicated that four cultural horizons can be identified at this site, ranging from the Early Iron Age I (13th\u20138th century BC) to the period of the most intensive use of the fortification in the 6th century AD.<\/em><\/p>\n\n\n\n<p><\/p>","protected":false},"excerpt":{"rendered":"<p>Lokalitet Samograd nalazi se na polovini puta izme\u0111u Berana i Bijelog Polja, na lijevoj obali Lima, izme\u0111u usjeka koje su urezale rje\u010dice Brzava (sa jugoisto\u010dne strane) i Selina (sa sjeveroisto\u010dne strane).Po\u010detna istra\u017eivanja sprovedena od strane Republi\u010dkog zavoda za za\u0161titu spomenika kulture Crne Gore i Katedre za arheologiju Filozofskog fakulteta u Beogradu ukazala su da se [&hellip;]<\/p>\n","protected":false},"author":1,"featured_media":0,"parent":0,"menu_order":0,"comment_status":"closed","ping_status":"closed","template":"","meta":{"_monsterinsights_skip_tracking":false,"_monsterinsights_sitenote_active":false,"_monsterinsights_sitenote_note":"","_monsterinsights_sitenote_category":0,"footnotes":""},"class_list":["post-113","page","type-page","status-publish","hentry"],"yoast_head":"<!-- This site is optimized with the Yoast SEO plugin v27.6 - https:\/\/yoast.com\/product\/yoast-seo-wordpress\/ -->\n<title>Arheolo\u0161ki lokalitet Samograd - Muzej Bijelo Polje<\/title>\n<meta name=\"robots\" content=\"index, follow, max-snippet:-1, max-image-preview:large, max-video-preview:-1\" \/>\n<link rel=\"canonical\" href=\"https:\/\/muzejbp.me\/en\/arheoloski-lokalitet-samograd\/\" \/>\n<meta property=\"og:locale\" content=\"en_US\" \/>\n<meta property=\"og:type\" content=\"article\" \/>\n<meta property=\"og:title\" content=\"Arheolo\u0161ki lokalitet Samograd - Muzej Bijelo Polje\" \/>\n<meta property=\"og:description\" content=\"Lokalitet Samograd nalazi se na polovini puta izme\u0111u Berana i Bijelog Polja, na lijevoj obali Lima, izme\u0111u usjeka koje su urezale rje\u010dice Brzava (sa jugoisto\u010dne strane) i Selina (sa sjeveroisto\u010dne strane).Po\u010detna istra\u017eivanja sprovedena od strane Republi\u010dkog zavoda za za\u0161titu spomenika kulture Crne Gore i Katedre za arheologiju Filozofskog fakulteta u Beogradu ukazala su da se [&hellip;]\" \/>\n<meta property=\"og:url\" content=\"https:\/\/muzejbp.me\/en\/arheoloski-lokalitet-samograd\/\" \/>\n<meta property=\"og:site_name\" content=\"Muzej Bijelo Polje\" \/>\n<meta name=\"twitter:card\" content=\"summary_large_image\" \/>\n<script type=\"application\/ld+json\" class=\"yoast-schema-graph\">{\"@context\":\"https:\\\/\\\/schema.org\",\"@graph\":[{\"@type\":\"WebPage\",\"@id\":\"https:\\\/\\\/muzejbp.me\\\/arheoloski-lokalitet-samograd\\\/\",\"url\":\"https:\\\/\\\/muzejbp.me\\\/arheoloski-lokalitet-samograd\\\/\",\"name\":\"Arheolo\u0161ki lokalitet Samograd - Muzej Bijelo Polje\",\"isPartOf\":{\"@id\":\"https:\\\/\\\/muzejbp.me\\\/#website\"},\"datePublished\":\"2026-03-12T10:46:58+00:00\",\"breadcrumb\":{\"@id\":\"https:\\\/\\\/muzejbp.me\\\/arheoloski-lokalitet-samograd\\\/#breadcrumb\"},\"inLanguage\":\"en-US\",\"potentialAction\":[{\"@type\":\"ReadAction\",\"target\":[\"https:\\\/\\\/muzejbp.me\\\/arheoloski-lokalitet-samograd\\\/\"]}]},{\"@type\":\"BreadcrumbList\",\"@id\":\"https:\\\/\\\/muzejbp.me\\\/arheoloski-lokalitet-samograd\\\/#breadcrumb\",\"itemListElement\":[{\"@type\":\"ListItem\",\"position\":1,\"name\":\"Home\",\"item\":\"https:\\\/\\\/muzejbp.me\\\/\"},{\"@type\":\"ListItem\",\"position\":2,\"name\":\"Arheolo\u0161ki lokalitet Samograd\"}]},{\"@type\":\"WebSite\",\"@id\":\"https:\\\/\\\/muzejbp.me\\\/#website\",\"url\":\"https:\\\/\\\/muzejbp.me\\\/\",\"name\":\"Muzej Bijelo Polje\",\"description\":\"\",\"publisher\":{\"@id\":\"https:\\\/\\\/muzejbp.me\\\/#organization\"},\"potentialAction\":[{\"@type\":\"SearchAction\",\"target\":{\"@type\":\"EntryPoint\",\"urlTemplate\":\"https:\\\/\\\/muzejbp.me\\\/?s={search_term_string}\"},\"query-input\":{\"@type\":\"PropertyValueSpecification\",\"valueRequired\":true,\"valueName\":\"search_term_string\"}}],\"inLanguage\":\"en-US\"},{\"@type\":\"Organization\",\"@id\":\"https:\\\/\\\/muzejbp.me\\\/#organization\",\"name\":\"Muzej Bijelo Polje\",\"url\":\"https:\\\/\\\/muzejbp.me\\\/\",\"logo\":{\"@type\":\"ImageObject\",\"inLanguage\":\"en-US\",\"@id\":\"https:\\\/\\\/muzejbp.me\\\/#\\\/schema\\\/logo\\\/image\\\/\",\"url\":\"https:\\\/\\\/muzejbp.me\\\/wp-content\\\/uploads\\\/2026\\\/01\\\/Muzej-bijelo-polje-logo-mali.png\",\"contentUrl\":\"https:\\\/\\\/muzejbp.me\\\/wp-content\\\/uploads\\\/2026\\\/01\\\/Muzej-bijelo-polje-logo-mali.png\",\"width\":1024,\"height\":1024,\"caption\":\"Muzej Bijelo Polje\"},\"image\":{\"@id\":\"https:\\\/\\\/muzejbp.me\\\/#\\\/schema\\\/logo\\\/image\\\/\"}}]}<\/script>\n<!-- \/ Yoast SEO plugin. -->","yoast_head_json":{"title":"Arheolo\u0161ki lokalitet Samograd - Muzej Bijelo Polje","robots":{"index":"index","follow":"follow","max-snippet":"max-snippet:-1","max-image-preview":"max-image-preview:large","max-video-preview":"max-video-preview:-1"},"canonical":"https:\/\/muzejbp.me\/en\/arheoloski-lokalitet-samograd\/","og_locale":"en_US","og_type":"article","og_title":"Arheolo\u0161ki lokalitet Samograd - Muzej Bijelo Polje","og_description":"Lokalitet Samograd nalazi se na polovini puta izme\u0111u Berana i Bijelog Polja, na lijevoj obali Lima, izme\u0111u usjeka koje su urezale rje\u010dice Brzava (sa jugoisto\u010dne strane) i Selina (sa sjeveroisto\u010dne strane).Po\u010detna istra\u017eivanja sprovedena od strane Republi\u010dkog zavoda za za\u0161titu spomenika kulture Crne Gore i Katedre za arheologiju Filozofskog fakulteta u Beogradu ukazala su da se [&hellip;]","og_url":"https:\/\/muzejbp.me\/en\/arheoloski-lokalitet-samograd\/","og_site_name":"Muzej Bijelo Polje","twitter_card":"summary_large_image","schema":{"@context":"https:\/\/schema.org","@graph":[{"@type":"WebPage","@id":"https:\/\/muzejbp.me\/arheoloski-lokalitet-samograd\/","url":"https:\/\/muzejbp.me\/arheoloski-lokalitet-samograd\/","name":"Arheolo\u0161ki lokalitet Samograd - Muzej Bijelo Polje","isPartOf":{"@id":"https:\/\/muzejbp.me\/#website"},"datePublished":"2026-03-12T10:46:58+00:00","breadcrumb":{"@id":"https:\/\/muzejbp.me\/arheoloski-lokalitet-samograd\/#breadcrumb"},"inLanguage":"en-US","potentialAction":[{"@type":"ReadAction","target":["https:\/\/muzejbp.me\/arheoloski-lokalitet-samograd\/"]}]},{"@type":"BreadcrumbList","@id":"https:\/\/muzejbp.me\/arheoloski-lokalitet-samograd\/#breadcrumb","itemListElement":[{"@type":"ListItem","position":1,"name":"Home","item":"https:\/\/muzejbp.me\/"},{"@type":"ListItem","position":2,"name":"Arheolo\u0161ki lokalitet Samograd"}]},{"@type":"WebSite","@id":"https:\/\/muzejbp.me\/#website","url":"https:\/\/muzejbp.me\/","name":"Museum of Bijelo Polje","description":"","publisher":{"@id":"https:\/\/muzejbp.me\/#organization"},"potentialAction":[{"@type":"SearchAction","target":{"@type":"EntryPoint","urlTemplate":"https:\/\/muzejbp.me\/?s={search_term_string}"},"query-input":{"@type":"PropertyValueSpecification","valueRequired":true,"valueName":"search_term_string"}}],"inLanguage":"en-US"},{"@type":"Organization","@id":"https:\/\/muzejbp.me\/#organization","name":"Museum of Bijelo Polje","url":"https:\/\/muzejbp.me\/","logo":{"@type":"ImageObject","inLanguage":"en-US","@id":"https:\/\/muzejbp.me\/#\/schema\/logo\/image\/","url":"https:\/\/muzejbp.me\/wp-content\/uploads\/2026\/01\/Muzej-bijelo-polje-logo-mali.png","contentUrl":"https:\/\/muzejbp.me\/wp-content\/uploads\/2026\/01\/Muzej-bijelo-polje-logo-mali.png","width":1024,"height":1024,"caption":"Muzej Bijelo Polje"},"image":{"@id":"https:\/\/muzejbp.me\/#\/schema\/logo\/image\/"}}]}},"_links":{"self":[{"href":"https:\/\/muzejbp.me\/en\/wp-json\/wp\/v2\/pages\/113","targetHints":{"allow":["GET"]}}],"collection":[{"href":"https:\/\/muzejbp.me\/en\/wp-json\/wp\/v2\/pages"}],"about":[{"href":"https:\/\/muzejbp.me\/en\/wp-json\/wp\/v2\/types\/page"}],"author":[{"embeddable":true,"href":"https:\/\/muzejbp.me\/en\/wp-json\/wp\/v2\/users\/1"}],"replies":[{"embeddable":true,"href":"https:\/\/muzejbp.me\/en\/wp-json\/wp\/v2\/comments?post=113"}],"version-history":[{"count":1,"href":"https:\/\/muzejbp.me\/en\/wp-json\/wp\/v2\/pages\/113\/revisions"}],"predecessor-version":[{"id":114,"href":"https:\/\/muzejbp.me\/en\/wp-json\/wp\/v2\/pages\/113\/revisions\/114"}],"wp:attachment":[{"href":"https:\/\/muzejbp.me\/en\/wp-json\/wp\/v2\/media?parent=113"}],"curies":[{"name":"wp","href":"https:\/\/api.w.org\/{rel}","templated":true}]}}